{"id":1545,"date":"2022-05-30T11:56:04","date_gmt":"2022-05-30T11:56:04","guid":{"rendered":"https:\/\/unitradingco.com\/%d8%aa%d9%88%d8%a7%d8%b5%d9%84-%d9%85%d8%b9%d9%86%d8%a7\/"},"modified":"2023-05-09T12:11:32","modified_gmt":"2023-05-09T12:11:32","slug":"%d8%aa%d9%88%d8%a7%d8%b5%d9%84-%d9%85%d8%b9%d9%86%d8%a7","status":"publish","type":"page","link":"https:\/\/unitradingco.com\/ar\/%d8%aa%d9%88%d8%a7%d8%b5%d9%84-%d9%85%d8%b9%d9%86%d8%a7\/","title":{"rendered":"\u062a\u0648\u0627\u0635\u0644 \u0645\u0639\u0646\u0627"},"content":{"rendered":"\t\t<div data-elementor-type=\"wp-page\" data-elementor-id=\"1545\" class=\"elementor elementor-1545\" data-elementor-post-type=\"page\">\n\t\t\t\t\t\t<section class=\"elementor-section elementor-top-section elementor-element elementor-element-1c94219 elementor-section-full_width elementor-section-height-default elementor-section-height-default\" data-id=\"1c94219\" data-element_type=\"section\">\n\t\t\t\t\t\t<div class=\"elementor-container elementor-column-gap-no\">\n\t\t\t\t\t<div class=\"elementor-column elementor-col-100 elementor-top-column elementor-element elementor-element-c009eef\" data-id=\"c009eef\" data-element_type=\"column\">\n\t\t\t<div class=\"elementor-widget-wrap elementor-element-populated\">\n\t\t\t\t\t\t<div class=\"elementor-element elementor-element-3a0e993 elementor-widget elementor-widget-image\" data-id=\"3a0e993\" data-element_type=\"widget\" data-widget_type=\"image.default\">\n\t\t\t\t<div class=\"elementor-widget-container\">\n\t\t\t\t\t\t\t\t\t\t\t\t\t<img fetchpriority=\"high\" decoding=\"async\" width=\"2560\" height=\"1671\" src=\"https:\/\/i0.wp.com\/unitradingco.com\/wp-content\/uploads\/2022\/07\/Contact-us-Banner-scaled.webp?fit=2560%2C1671&amp;ssl=1\" class=\"attachment-full size-full wp-image-745\" alt=\"\" srcset=\"https:\/\/i0.wp.com\/unitradingco.com\/wp-content\/uploads\/2022\/07\/Contact-us-Banner-scaled.webp?w=2560&amp;ssl=1 2560w, https:\/\/i0.wp.com\/unitradingco.com\/wp-content\/uploads\/2022\/07\/Contact-us-Banner-scaled.webp?resize=300%2C196&amp;ssl=1 300w, https:\/\/i0.wp.com\/unitradingco.com\/wp-content\/uploads\/2022\/07\/Contact-us-Banner-scaled.webp?resize=1024%2C668&amp;ssl=1 1024w, https:\/\/i0.wp.com\/unitradingco.com\/wp-content\/uploads\/2022\/07\/Contact-us-Banner-scaled.webp?resize=768%2C501&amp;ssl=1 768w, https:\/\/i0.wp.com\/unitradingco.com\/wp-content\/uploads\/2022\/07\/Contact-us-Banner-scaled.webp?resize=1536%2C1003&amp;ssl=1 1536w, https:\/\/i0.wp.com\/unitradingco.com\/wp-content\/uploads\/2022\/07\/Contact-us-Banner-scaled.webp?resize=2048%2C1337&amp;ssl=1 2048w, https:\/\/i0.wp.com\/unitradingco.com\/wp-content\/uploads\/2022\/07\/Contact-us-Banner-scaled.webp?w=1600&amp;ssl=1 1600w, https:\/\/i0.wp.com\/unitradingco.com\/wp-content\/uploads\/2022\/07\/Contact-us-Banner-scaled.webp?w=2400&amp;ssl=1 2400w\" sizes=\"(max-width: 800px) 100vw, 800px\" \/>\t\t\t\t\t\t\t\t\t\t\t\t\t<\/div>\n\t\t\t\t<\/div>\n\t\t\t\t\t<\/div>\n\t\t<\/div>\n\t\t\t\t\t<\/div>\n\t\t<\/section>\n\t\t\t\t<section class=\"elementor-section elementor-top-section elementor-element elementor-element-e40d1a7 elementor-section-full_width elementor-section-height-default elementor-section-height-default\" data-id=\"e40d1a7\" data-element_type=\"section\">\n\t\t\t\t\t\t<div class=\"elementor-container elementor-column-gap-no\">\n\t\t\t\t\t<div class=\"elementor-column elementor-col-100 elementor-top-column elementor-element elementor-element-0fe2775\" data-id=\"0fe2775\" data-element_type=\"column\">\n\t\t\t<div class=\"elementor-widget-wrap elementor-element-populated\">\n\t\t\t\t\t\t<div class=\"elementor-element elementor-element-69bf522 elementor-invisible elementor-widget elementor-widget-heading\" data-id=\"69bf522\" data-element_type=\"widget\" data-settings=\"{&quot;_animation&quot;:&quot;fadeInDown&quot;}\" data-widget_type=\"heading.default\">\n\t\t\t\t<div class=\"elementor-widget-container\">\n\t\t\t<h2 class=\"elementor-heading-title elementor-size-default\">\u062a\u0648\u0627\u0635\u0644 \u0645\u0639\u0646\u0627<\/h2>\t\t<\/div>\n\t\t\t\t<\/div>\n\t\t\t\t<div class=\"elementor-element elementor-element-babe694 elementor-widget elementor-widget-spacer\" data-id=\"babe694\" data-element_type=\"widget\" data-widget_type=\"spacer.default\">\n\t\t\t\t<div class=\"elementor-widget-container\">\n\t\t\t\t\t<div class=\"elementor-spacer\">\n\t\t\t<div class=\"elementor-spacer-inner\"><\/div>\n\t\t<\/div>\n\t\t\t\t<\/div>\n\t\t\t\t<\/div>\n\t\t\t\t\t<\/div>\n\t\t<\/div>\n\t\t\t\t\t<\/div>\n\t\t<\/section>\n\t\t\t\t<section class=\"elementor-section elementor-top-section elementor-element elementor-element-bffb08a elementor-section-boxed elementor-section-height-default elementor-section-height-default\" data-id=\"bffb08a\" data-element_type=\"section\">\n\t\t\t\t\t\t<div class=\"elementor-container elementor-column-gap-default\">\n\t\t\t\t\t<div class=\"elementor-column elementor-col-50 elementor-top-column elementor-element elementor-element-b5901ef\" data-id=\"b5901ef\" data-element_type=\"column\">\n\t\t\t<div class=\"elementor-widget-wrap elementor-element-populated\">\n\t\t\t\t\t\t<section class=\"elementor-section elementor-inner-section elementor-element elementor-element-63313f6 elementor-section-boxed elementor-section-height-default elementor-section-height-default elementor-invisible\" data-id=\"63313f6\" data-element_type=\"section\" data-settings=\"{&quot;animation&quot;:&quot;fadeInLeft&quot;}\">\n\t\t\t\t\t\t<div class=\"elementor-container elementor-column-gap-default\">\n\t\t\t\t\t<div class=\"elementor-column elementor-col-50 elementor-inner-column elementor-element elementor-element-ec8896e\" data-id=\"ec8896e\" data-element_type=\"column\">\n\t\t\t<div class=\"elementor-widget-wrap elementor-element-populated\">\n\t\t\t\t\t\t<div class=\"elementor-element elementor-element-18d9e5a elementor-view-default elementor-invisible elementor-widget elementor-widget-icon\" data-id=\"18d9e5a\" data-element_type=\"widget\" data-settings=\"{&quot;_animation&quot;:&quot;fadeInLeft&quot;}\" data-widget_type=\"icon.default\">\n\t\t\t\t<div class=\"elementor-widget-container\">\n\t\t\t\t\t<div class=\"elementor-icon-wrapper\">\n\t\t\t<div class=\"elementor-icon\">\n\t\t\t<i aria-hidden=\"true\" class=\"fas fa-location-arrow\"><\/i>\t\t\t<\/div>\n\t\t<\/div>\n\t\t\t\t<\/div>\n\t\t\t\t<\/div>\n\t\t\t\t\t<\/div>\n\t\t<\/div>\n\t\t\t\t<div class=\"elementor-column elementor-col-50 elementor-inner-column elementor-element elementor-element-a7c3225 elementor-invisible\" data-id=\"a7c3225\" data-element_type=\"column\" data-settings=\"{&quot;animation&quot;:&quot;fadeInLeft&quot;}\">\n\t\t\t<div class=\"elementor-widget-wrap elementor-element-populated\">\n\t\t\t\t\t\t<div class=\"elementor-element elementor-element-b11a6c0 elementor-widget elementor-widget-heading\" data-id=\"b11a6c0\" data-element_type=\"widget\" data-widget_type=\"heading.default\">\n\t\t\t\t<div class=\"elementor-widget-container\">\n\t\t\t<h4 class=\"elementor-heading-title elementor-size-default\">\u0627\u0644\u0645\u0648\u0642\u0639 :<\/h4>\t\t<\/div>\n\t\t\t\t<\/div>\n\t\t\t\t<div class=\"elementor-element elementor-element-4405ead elementor-widget elementor-widget-text-editor\" data-id=\"4405ead\" data-element_type=\"widget\" data-widget_type=\"text-editor.default\">\n\t\t\t\t<div class=\"elementor-widget-container\">\n\t\t\t\t\t\t\t<p>R. Bar\u00e3o de Duprat, 341 \u2013 Centro Hist\u00f3rico de S\u00e3o Paulo, S\u00e3o Paulo \u2013 SP, 01023-001<\/p>\t\t\t\t\t\t<\/div>\n\t\t\t\t<\/div>\n\t\t\t\t\t<\/div>\n\t\t<\/div>\n\t\t\t\t\t<\/div>\n\t\t<\/section>\n\t\t\t\t<section class=\"elementor-section elementor-inner-section elementor-element elementor-element-c840a71 elementor-section-boxed elementor-section-height-default elementor-section-height-default elementor-invisible\" data-id=\"c840a71\" data-element_type=\"section\" data-settings=\"{&quot;animation&quot;:&quot;fadeInLeft&quot;}\">\n\t\t\t\t\t\t<div class=\"elementor-container elementor-column-gap-default\">\n\t\t\t\t\t<div class=\"elementor-column elementor-col-50 elementor-inner-column elementor-element elementor-element-e9627a5\" data-id=\"e9627a5\" data-element_type=\"column\">\n\t\t\t<div class=\"elementor-widget-wrap elementor-element-populated\">\n\t\t\t\t\t\t<div class=\"elementor-element elementor-element-cc84c29 elementor-view-default elementor-widget elementor-widget-icon\" data-id=\"cc84c29\" data-element_type=\"widget\" data-widget_type=\"icon.default\">\n\t\t\t\t<div class=\"elementor-widget-container\">\n\t\t\t\t\t<div class=\"elementor-icon-wrapper\">\n\t\t\t<div class=\"elementor-icon\">\n\t\t\t<i aria-hidden=\"true\" class=\"fas fa-mail-bulk\"><\/i>\t\t\t<\/div>\n\t\t<\/div>\n\t\t\t\t<\/div>\n\t\t\t\t<\/div>\n\t\t\t\t\t<\/div>\n\t\t<\/div>\n\t\t\t\t<div class=\"elementor-column elementor-col-50 elementor-inner-column elementor-element elementor-element-15fb7f8\" data-id=\"15fb7f8\" data-element_type=\"column\">\n\t\t\t<div class=\"elementor-widget-wrap elementor-element-populated\">\n\t\t\t\t\t\t<div class=\"elementor-element elementor-element-8d2b2ab elementor-widget elementor-widget-heading\" data-id=\"8d2b2ab\" data-element_type=\"widget\" data-widget_type=\"heading.default\">\n\t\t\t\t<div class=\"elementor-widget-container\">\n\t\t\t<h4 class=\"elementor-heading-title elementor-size-default\">\u0627\u0644\u0628\u0631\u064a\u062f \u0627\u0644\u0625\u0644\u0643\u062a\u0631\u0648\u0646\u064a : <\/h4>\t\t<\/div>\n\t\t\t\t<\/div>\n\t\t\t\t<div class=\"elementor-element elementor-element-e2d2f96 elementor-widget elementor-widget-text-editor\" data-id=\"e2d2f96\" data-element_type=\"widget\" data-widget_type=\"text-editor.default\">\n\t\t\t\t<div class=\"elementor-widget-container\">\n\t\t\t\t\t\t\t<p>info@unitradingco.com<br>osama@unitradingco.com<br>abdelghafour@unitradingco.com<\/p>\t\t\t\t\t\t<\/div>\n\t\t\t\t<\/div>\n\t\t\t\t\t<\/div>\n\t\t<\/div>\n\t\t\t\t\t<\/div>\n\t\t<\/section>\n\t\t\t\t<section class=\"elementor-section elementor-inner-section elementor-element elementor-element-f276111 elementor-section-boxed elementor-section-height-default elementor-section-height-default elementor-invisible\" data-id=\"f276111\" data-element_type=\"section\" data-settings=\"{&quot;animation&quot;:&quot;fadeInLeft&quot;}\">\n\t\t\t\t\t\t<div class=\"elementor-container elementor-column-gap-default\">\n\t\t\t\t\t<div class=\"elementor-column elementor-col-50 elementor-inner-column elementor-element elementor-element-6b2b9a1\" data-id=\"6b2b9a1\" data-element_type=\"column\">\n\t\t\t<div class=\"elementor-widget-wrap elementor-element-populated\">\n\t\t\t\t\t\t<div class=\"elementor-element elementor-element-029e6a6 elementor-view-default elementor-widget elementor-widget-icon\" data-id=\"029e6a6\" data-element_type=\"widget\" data-widget_type=\"icon.default\">\n\t\t\t\t<div class=\"elementor-widget-container\">\n\t\t\t\t\t<div class=\"elementor-icon-wrapper\">\n\t\t\t<div class=\"elementor-icon\">\n\t\t\t<i aria-hidden=\"true\" class=\"fas fa-phone-volume\"><\/i>\t\t\t<\/div>\n\t\t<\/div>\n\t\t\t\t<\/div>\n\t\t\t\t<\/div>\n\t\t\t\t\t<\/div>\n\t\t<\/div>\n\t\t\t\t<div class=\"elementor-column elementor-col-50 elementor-inner-column elementor-element elementor-element-808bc9b\" data-id=\"808bc9b\" data-element_type=\"column\">\n\t\t\t<div class=\"elementor-widget-wrap elementor-element-populated\">\n\t\t\t\t\t\t<div class=\"elementor-element elementor-element-55f04b1 elementor-widget elementor-widget-heading\" data-id=\"55f04b1\" data-element_type=\"widget\" data-widget_type=\"heading.default\">\n\t\t\t\t<div class=\"elementor-widget-container\">\n\t\t\t<h4 class=\"elementor-heading-title elementor-size-default\">\u0627\u0644\u0647\u0627\u062a\u0641 :<\/h4>\t\t<\/div>\n\t\t\t\t<\/div>\n\t\t\t\t<div class=\"elementor-element elementor-element-a951a19 elementor-widget elementor-widget-text-editor\" data-id=\"a951a19\" data-element_type=\"widget\" data-widget_type=\"text-editor.default\">\n\t\t\t\t<div class=\"elementor-widget-container\">\n\t\t\t\t\t\t\t<p>(+\u0665\u0665)\u0663\u0667\u0667\u0667\u0669\u0669\u0667\u0665\u0669\u0661\u0661<\/p><p>(+\u0665\u0665)\u0663\u0667\u0667\u0667\u0669\u0669\u0667\u0665\u0669\u0661\u0661<\/p>\t\t\t\t\t\t<\/div>\n\t\t\t\t<\/div>\n\t\t\t\t\t<\/div>\n\t\t<\/div>\n\t\t\t\t\t<\/div>\n\t\t<\/section>\n\t\t\t\t<section class=\"elementor-section elementor-inner-section elementor-element elementor-element-49d541b elementor-section-boxed elementor-section-height-default elementor-section-height-default elementor-invisible\" data-id=\"49d541b\" data-element_type=\"section\" data-settings=\"{&quot;animation&quot;:&quot;fadeInLeft&quot;}\">\n\t\t\t\t\t\t<div class=\"elementor-container elementor-column-gap-default\">\n\t\t\t\t\t<div class=\"elementor-column elementor-col-50 elementor-inner-column elementor-element elementor-element-370a88b\" data-id=\"370a88b\" data-element_type=\"column\">\n\t\t\t<div class=\"elementor-widget-wrap elementor-element-populated\">\n\t\t\t\t\t\t<div class=\"elementor-element elementor-element-899e55b elementor-view-default elementor-widget elementor-widget-icon\" data-id=\"899e55b\" data-element_type=\"widget\" data-widget_type=\"icon.default\">\n\t\t\t\t<div class=\"elementor-widget-container\">\n\t\t\t\t\t<div class=\"elementor-icon-wrapper\">\n\t\t\t<div class=\"elementor-icon\">\n\t\t\t<i aria-hidden=\"true\" class=\"fas fa-mobile-alt\"><\/i>\t\t\t<\/div>\n\t\t<\/div>\n\t\t\t\t<\/div>\n\t\t\t\t<\/div>\n\t\t\t\t\t<\/div>\n\t\t<\/div>\n\t\t\t\t<div class=\"elementor-column elementor-col-50 elementor-inner-column elementor-element elementor-element-6ebad66\" data-id=\"6ebad66\" data-element_type=\"column\">\n\t\t\t<div class=\"elementor-widget-wrap elementor-element-populated\">\n\t\t\t\t\t\t<div class=\"elementor-element elementor-element-72469d2 elementor-widget elementor-widget-heading\" data-id=\"72469d2\" data-element_type=\"widget\" data-widget_type=\"heading.default\">\n\t\t\t\t<div class=\"elementor-widget-container\">\n\t\t\t<h4 class=\"elementor-heading-title elementor-size-default\">\u0627\u0644\u0645\u0648\u0628\u0627\u064a\u0644 :<\/h4>\t\t<\/div>\n\t\t\t\t<\/div>\n\t\t\t\t<div class=\"elementor-element elementor-element-5369bfd elementor-widget elementor-widget-text-editor\" data-id=\"5369bfd\" data-element_type=\"widget\" data-widget_type=\"text-editor.default\">\n\t\t\t\t<div class=\"elementor-widget-container\">\n\t\t\t\t\t\t\t<p>(+\u0665\u0665)\u0663\u0667\u0667\u0667\u0669\u0669\u0667\u0665\u0669\u0661\u0661<\/p><p>(+\u0665\u0665)\u0663\u0667\u0667\u0667\u0669\u0669\u0667\u0665\u0669\u0661\u0661<\/p>\t\t\t\t\t\t<\/div>\n\t\t\t\t<\/div>\n\t\t\t\t\t<\/div>\n\t\t<\/div>\n\t\t\t\t\t<\/div>\n\t\t<\/section>\n\t\t\t\t\t<\/div>\n\t\t<\/div>\n\t\t\t\t<div class=\"elementor-column elementor-col-50 elementor-top-column elementor-element elementor-element-04a4fdc\" data-id=\"04a4fdc\" data-element_type=\"column\">\n\t\t\t<div class=\"elementor-widget-wrap elementor-element-populated\">\n\t\t\t\t\t\t<section class=\"elementor-section elementor-inner-section elementor-element elementor-element-7185730 elementor-section-content-middle elementor-section-boxed elementor-section-height-default elementor-section-height-default elementor-invisible\" data-id=\"7185730\" data-element_type=\"section\" data-settings=\"{&quot;animation&quot;:&quot;fadeInRight&quot;}\">\n\t\t\t\t\t\t<div class=\"elementor-container elementor-column-gap-default\">\n\t\t\t\t\t<div class=\"elementor-column elementor-col-50 elementor-inner-column elementor-element elementor-element-375d3d1\" data-id=\"375d3d1\" data-element_type=\"column\">\n\t\t\t<div class=\"elementor-widget-wrap elementor-element-populated\">\n\t\t\t\t\t\t<div class=\"elementor-element elementor-element-f87cecb elementor-widget elementor-widget-image\" data-id=\"f87cecb\" data-element_type=\"widget\" data-widget_type=\"image.default\">\n\t\t\t\t<div class=\"elementor-widget-container\">\n\t\t\t\t\t\t\t\t\t\t\t\t\t<img decoding=\"async\" width=\"6\" height=\"716\" src=\"https:\/\/i0.wp.com\/unitradingco.com\/wp-content\/uploads\/2022\/07\/Line-4.webp?fit=6%2C716&amp;ssl=1\" class=\"attachment-large size-large wp-image-749\" alt=\"\" \/>\t\t\t\t\t\t\t\t\t\t\t\t\t<\/div>\n\t\t\t\t<\/div>\n\t\t\t\t\t<\/div>\n\t\t<\/div>\n\t\t\t\t<div class=\"elementor-column elementor-col-50 elementor-inner-column elementor-element elementor-element-48a7cad\" data-id=\"48a7cad\" data-element_type=\"column\">\n\t\t\t<div class=\"elementor-widget-wrap elementor-element-populated\">\n\t\t\t\t\t\t<div class=\"elementor-element elementor-element-778df70 elementor-widget elementor-widget-heading\" data-id=\"778df70\" data-element_type=\"widget\" data-widget_type=\"heading.default\">\n\t\t\t\t<div class=\"elementor-widget-container\">\n\t\t\t<h2 class=\"elementor-heading-title elementor-size-default\">\u0623\u0646\u0634\u0626 \u0639\u0644\u0627\u0645\u062a\u0643 \u0627\u0644\u062a\u062c\u0627\u0631\u064a\u0629 \u0648\u0627\u0645\u062a\u0644\u0643 \u0639\u0644\u0627\u0645\u062a\u0643 \u0627\u0644\u062a\u062c\u0627\u0631\u064a\u0629<\/h2>\t\t<\/div>\n\t\t\t\t<\/div>\n\t\t\t\t<div class=\"elementor-element elementor-element-6fc2da7 elementor-align-center elementor-widget elementor-widget-button\" data-id=\"6fc2da7\" data-element_type=\"widget\" data-widget_type=\"button.default\">\n\t\t\t\t<div class=\"elementor-widget-container\">\n\t\t\t\t\t\t\t<div class=\"elementor-button-wrapper\">\n\t\t\t\t\t<a class=\"elementor-button elementor-button-link elementor-size-sm\" href=\"https:\/\/unitradingco.com\/ar\/%d8%a7%d9%84%d8%ad%d8%b5%d9%88%d9%84-%d8%b9%d9%84%d9%89-%d8%b9%d9%84%d8%a7%d9%85%d8%a9-%d8%ae%d8%a7%d8%b5%d8%a9\/\">\n\t\t\t\t\t\t<span class=\"elementor-button-content-wrapper\">\n\t\t\t\t\t\t\t\t\t<span class=\"elementor-button-text\">\u0627\u0644\u062d\u0635\u0648\u0644 \u0639\u0644\u0649 \u0639\u0644\u0627\u0645\u0629 \u062e\u0627\u0635\u0629<\/span>\n\t\t\t\t\t<\/span>\n\t\t\t\t\t<\/a>\n\t\t\t\t<\/div>\n\t\t\t\t\t\t<\/div>\n\t\t\t\t<\/div>\n\t\t\t\t\t<\/div>\n\t\t<\/div>\n\t\t\t\t\t<\/div>\n\t\t<\/section>\n\t\t\t\t\t<\/div>\n\t\t<\/div>\n\t\t\t\t\t<\/div>\n\t\t<\/section>\n\t\t\t\t<section class=\"elementor-section elementor-top-section elementor-element elementor-element-68a0f33 elementor-section-full_width elementor-section-height-default elementor-section-height-default\" data-id=\"68a0f33\" data-element_type=\"section\">\n\t\t\t\t\t\t<div class=\"elementor-container elementor-column-gap-default\">\n\t\t\t\t\t<div class=\"elementor-column elementor-col-100 elementor-top-column elementor-element elementor-element-70704a3\" data-id=\"70704a3\" data-element_type=\"column\">\n\t\t\t<div class=\"elementor-widget-wrap elementor-element-populated\">\n\t\t\t\t\t\t<div class=\"elementor-element elementor-element-1970b76 elementor-widget elementor-widget-spacer\" data-id=\"1970b76\" data-element_type=\"widget\" data-widget_type=\"spacer.default\">\n\t\t\t\t<div class=\"elementor-widget-container\">\n\t\t\t\t\t<div class=\"elementor-spacer\">\n\t\t\t<div class=\"elementor-spacer-inner\"><\/div>\n\t\t<\/div>\n\t\t\t\t<\/div>\n\t\t\t\t<\/div>\n\t\t\t\t\t<\/div>\n\t\t<\/div>\n\t\t\t\t\t<\/div>\n\t\t<\/section>\n\t\t\t\t<section class=\"elementor-section elementor-top-section elementor-element elementor-element-4938b4a elementor-section-full_width elementor-section-height-default elementor-section-height-default\" data-id=\"4938b4a\" data-element_type=\"section\">\n\t\t\t\t\t\t<div class=\"elementor-container elementor-column-gap-no\">\n\t\t\t\t\t<div class=\"elementor-column elementor-col-100 elementor-top-column elementor-element elementor-element-f4b4cd3\" data-id=\"f4b4cd3\" data-element_type=\"column\">\n\t\t\t<div class=\"elementor-widget-wrap elementor-element-populated\">\n\t\t\t\t\t\t<div class=\"elementor-element elementor-element-6f8236a elementor-widget elementor-widget-google_maps\" data-id=\"6f8236a\" data-element_type=\"widget\" data-widget_type=\"google_maps.default\">\n\t\t\t\t<div class=\"elementor-widget-container\">\n\t\t\t\t\t<div class=\"elementor-custom-embed\">\n\t\t\t<iframe loading=\"lazy\"\n\t\t\t\t\tsrc=\"https:\/\/maps.google.com\/maps?q=London%20Eye%2C%20London%2C%20United%20Kingdom&#038;t=m&#038;z=10&#038;output=embed&#038;iwloc=near\"\n\t\t\t\t\ttitle=\"London Eye, London, United Kingdom\"\n\t\t\t\t\taria-label=\"London Eye, London, United Kingdom\"\n\t\t\t><\/iframe>\n\t\t<\/div>\n\t\t\t\t<\/div>\n\t\t\t\t<\/div>\n\t\t\t\t\t<\/div>\n\t\t<\/div>\n\t\t\t\t\t<\/div>\n\t\t<\/section>\n\t\t\t\t<section class=\"elementor-section elementor-top-section elementor-element elementor-element-28caf44 elementor-section-full_width elementor-section-height-default elementor-section-height-default\" data-id=\"28caf44\" data-element_type=\"section\">\n\t\t\t\t\t\t<div class=\"elementor-container elementor-column-gap-no\">\n\t\t\t\t\t<div class=\"elementor-column elementor-col-100 elementor-top-column elementor-element elementor-element-6edd520\" data-id=\"6edd520\" data-element_type=\"column\">\n\t\t\t<div class=\"elementor-widget-wrap elementor-element-populated\">\n\t\t\t\t\t\t<div class=\"elementor-element elementor-element-08b33b7 elementor-invisible elementor-widget elementor-widget-heading\" data-id=\"08b33b7\" data-element_type=\"widget\" data-settings=\"{&quot;_animation&quot;:&quot;fadeInDown&quot;}\" data-widget_type=\"heading.default\">\n\t\t\t\t<div class=\"elementor-widget-container\">\n\t\t\t<h2 class=\"elementor-heading-title elementor-size-default\">\u0627\u0644\u0645\u0631\u0627\u062c\u0639\u0627\u062a<\/h2>\t\t<\/div>\n\t\t\t\t<\/div>\n\t\t\t\t<div class=\"elementor-element elementor-element-0d863ff elementor-widget elementor-widget-spacer\" data-id=\"0d863ff\" data-element_type=\"widget\" data-widget_type=\"spacer.default\">\n\t\t\t\t<div class=\"elementor-widget-container\">\n\t\t\t\t\t<div class=\"elementor-spacer\">\n\t\t\t<div class=\"elementor-spacer-inner\"><\/div>\n\t\t<\/div>\n\t\t\t\t<\/div>\n\t\t\t\t<\/div>\n\t\t\t\t\t<\/div>\n\t\t<\/div>\n\t\t\t\t\t<\/div>\n\t\t<\/section>\n\t\t\t\t<section class=\"elementor-section elementor-top-section elementor-element elementor-element-e7a673c elementor-section-full_width elementor-section-height-default elementor-section-height-default\" data-id=\"e7a673c\" data-element_type=\"section\">\n\t\t\t\t\t\t<div class=\"elementor-container elementor-column-gap-no\">\n\t\t\t\t\t<div class=\"elementor-column elementor-col-100 elementor-top-column elementor-element elementor-element-538c2f7\" data-id=\"538c2f7\" data-element_type=\"column\">\n\t\t\t<div class=\"elementor-widget-wrap elementor-element-populated\">\n\t\t\t\t\t\t<div class=\"elementor-element elementor-element-4e00a90 elementor-widget elementor-widget-image\" data-id=\"4e00a90\" data-element_type=\"widget\" data-widget_type=\"image.default\">\n\t\t\t\t<div class=\"elementor-widget-container\">\n\t\t\t\t\t\t\t\t\t\t\t\t\t<img decoding=\"async\" width=\"2496\" height=\"1973\" src=\"https:\/\/i0.wp.com\/unitradingco.com\/wp-content\/uploads\/2022\/07\/Reviews.webp?fit=2496%2C1973&amp;ssl=1\" class=\"attachment-full size-full wp-image-756\" alt=\"\" srcset=\"https:\/\/i0.wp.com\/unitradingco.com\/wp-content\/uploads\/2022\/07\/Reviews.webp?w=2496&amp;ssl=1 2496w, https:\/\/i0.wp.com\/unitradingco.com\/wp-content\/uploads\/2022\/07\/Reviews.webp?resize=300%2C237&amp;ssl=1 300w, https:\/\/i0.wp.com\/unitradingco.com\/wp-content\/uploads\/2022\/07\/Reviews.webp?resize=1024%2C809&amp;ssl=1 1024w, https:\/\/i0.wp.com\/unitradingco.com\/wp-content\/uploads\/2022\/07\/Reviews.webp?resize=768%2C607&amp;ssl=1 768w, https:\/\/i0.wp.com\/unitradingco.com\/wp-content\/uploads\/2022\/07\/Reviews.webp?resize=1536%2C1214&amp;ssl=1 1536w, https:\/\/i0.wp.com\/unitradingco.com\/wp-content\/uploads\/2022\/07\/Reviews.webp?resize=2048%2C1619&amp;ssl=1 2048w, https:\/\/i0.wp.com\/unitradingco.com\/wp-content\/uploads\/2022\/07\/Reviews.webp?w=1600&amp;ssl=1 1600w, https:\/\/i0.wp.com\/unitradingco.com\/wp-content\/uploads\/2022\/07\/Reviews.webp?w=2400&amp;ssl=1 2400w\" sizes=\"(max-width: 800px) 100vw, 800px\" \/>\t\t\t\t\t\t\t\t\t\t\t\t\t<\/div>\n\t\t\t\t<\/div>\n\t\t\t\t\t<\/div>\n\t\t<\/div>\n\t\t\t\t\t<\/div>\n\t\t<\/section>\n\t\t\t\t<section class=\"elementor-section elementor-top-section elementor-element elementor-element-75e19f4 elementor-section-full_width elementor-section-height-default elementor-section-height-default\" data-id=\"75e19f4\" data-element_type=\"section\">\n\t\t\t\t\t\t<div class=\"elementor-container elementor-column-gap-no\">\n\t\t\t\t\t<div class=\"elementor-column elementor-col-100 elementor-top-column elementor-element elementor-element-8d5903a\" data-id=\"8d5903a\" data-element_type=\"column\">\n\t\t\t<div class=\"elementor-widget-wrap elementor-element-populated\">\n\t\t\t\t\t\t<div class=\"elementor-element elementor-element-21fad1f elementor-widget elementor-widget-spacer\" data-id=\"21fad1f\" data-element_type=\"widget\" data-widget_type=\"spacer.default\">\n\t\t\t\t<div class=\"elementor-widget-container\">\n\t\t\t\t\t<div class=\"elementor-spacer\">\n\t\t\t<div class=\"elementor-spacer-inner\"><\/div>\n\t\t<\/div>\n\t\t\t\t<\/div>\n\t\t\t\t<\/div>\n\t\t\t\t\t<\/div>\n\t\t<\/div>\n\t\t\t\t\t<\/div>\n\t\t<\/section>\n\t\t\t\t<\/div>\n\t\t","protected":false},"excerpt":{"rendered":"<p>\u062a\u0648\u0627\u0635\u0644 \u0645\u0639\u0646\u0627 \u0627\u0644\u0645\u0648\u0642\u0639 : R. Bar\u00e3o de Duprat, 341 \u2013 Centro Hist\u00f3rico de S\u00e3o Paulo, S\u00e3o Paulo \u2013 SP, 01023-001 \u0627\u0644\u0628\u0631\u064a\u062f \u0627\u0644\u0625\u0644\u0643\u062a\u0631\u0648\u0646\u064a : info@unitradingco.comosama@unitradingco.comabdelghafour@unitradingco.com \u0627\u0644\u0647\u0627\u062a\u0641 : (+\u0665\u0665)\u0663\u0667\u0667\u0667\u0669\u0669\u0667\u0665\u0669\u0661\u0661 (+\u0665\u0665)\u0663\u0667\u0667\u0667\u0669\u0669\u0667\u0665\u0669\u0661\u0661 \u0627\u0644\u0645\u0648\u0628\u0627\u064a\u0644 : (+\u0665\u0665)\u0663\u0667\u0667\u0667\u0669\u0669\u0667\u0665\u0669\u0661\u0661 (+\u0665\u0665)\u0663\u0667\u0667\u0667\u0669\u0669\u0667\u0665\u0669\u0661\u0661 \u0623\u0646\u0634\u0626 \u0639\u0644\u0627\u0645\u062a\u0643 \u0627\u0644\u062a\u062c\u0627\u0631\u064a\u0629 \u0648\u0627\u0645\u062a\u0644\u0643 \u0639\u0644\u0627\u0645\u062a\u0643 \u0627\u0644\u062a\u062c\u0627\u0631\u064a\u0629 \u0627\u0644\u062d\u0635\u0648\u0644 \u0639\u0644\u0649 \u0639\u0644\u0627\u0645\u0629 \u062e\u0627\u0635\u0629 \u0627\u0644\u0645\u0631\u0627\u062c\u0639\u0627\u062a<\/p>\n","protected":false},"author":1,"featured_media":0,"parent":0,"menu_order":0,"comment_status":"closed","ping_status":"closed","template":"elementor_header_footer","meta":{"om_disable_all_campaigns":false,"footnotes":""},"class_list":["post-1545","page","type-page","status-publish","hentry"],"jetpack_sharing_enabled":true,"_links":{"self":[{"href":"https:\/\/unitradingco.com\/ar\/wp-json\/wp\/v2\/pages\/1545","targetHints":{"allow":["GET"]}}],"collection":[{"href":"https:\/\/unitradingco.com\/ar\/wp-json\/wp\/v2\/pages"}],"about":[{"href":"https:\/\/unitradingco.com\/ar\/wp-json\/wp\/v2\/types\/page"}],"author":[{"embeddable":true,"href":"https:\/\/unitradingco.com\/ar\/wp-json\/wp\/v2\/users\/1"}],"replies":[{"embeddable":true,"href":"https:\/\/unitradingco.com\/ar\/wp-json\/wp\/v2\/comments?post=1545"}],"version-history":[{"count":8,"href":"https:\/\/unitradingco.com\/ar\/wp-json\/wp\/v2\/pages\/1545\/revisions"}],"predecessor-version":[{"id":2097,"href":"https:\/\/unitradingco.com\/ar\/wp-json\/wp\/v2\/pages\/1545\/revisions\/2097"}],"wp:attachment":[{"href":"https:\/\/unitradingco.com\/ar\/wp-json\/wp\/v2\/media?parent=1545"}],"curies":[{"name":"wp","href":"https:\/\/api.w.org\/{rel}","templated":true}]}}